{"id":8,"date":"2021-05-27T20:28:34","date_gmt":"2021-05-27T23:28:34","guid":{"rendered":"http:\/\/efarruda.adv.br\/site\/?page_id=8"},"modified":"2021-10-05T21:29:44","modified_gmt":"2021-10-06T00:29:44","slug":"escritorio","status":"publish","type":"page","link":"https:\/\/efarruda.adv.br\/site\/index.php\/escritorio\/","title":{"rendered":"O escrit\u00f3rio"},"content":{"rendered":"\n<div class=\"wp-block-cover alignfull has-nv-site-bg-background-color has-background-dim\" style=\"min-height:300px;aspect-ratio:unset;\"><div class=\"wp-block-cover__inner-container is-layout-flow wp-block-cover-is-layout-flow\">\n<div class=\"wp-block-group\"><div class=\"wp-block-group__inner-container is-layout-flow wp-block-group-is-layout-flow\">\n<h1 class=\"has-text-align-left has-neve-text-color-color has-text-color wp-block-heading\">O Escrit\u00f3rio<\/h1>\n<\/div><\/div>\n<\/div><\/div>\n\n\n\n<div class=\"wp-block-cover alignfull has-nv-light-bg-background-color has-background-dim\" style=\"min-height:600px;aspect-ratio:unset;\"><div class=\"wp-block-cover__inner-container is-layout-flow wp-block-cover-is-layout-flow\">\n<div class=\"wp-block-group\"><div class=\"wp-block-group__inner-container is-layout-flow wp-block-group-is-layout-flow\">\n<div style=\"height:80px\" aria-hidden=\"true\" class=\"wp-block-spacer\"><\/div>\n\n\n\n<div class=\"wp-block-columns are-vertically-aligned-center is-layout-flex wp-container-core-columns-is-layout-9d6595d7 wp-block-columns-is-layout-flex\">\n<div class=\"wp-block-column is-vertically-aligned-center is-layout-flow wp-block-column-is-layout-flow\" style=\"flex-basis:50%\">\n<div class=\"wp-block-image size-large\"><figure class=\"aligncenter size-large is-resized\"><img decoding=\"async\" src=\"http:\/\/efarruda.adv.br\/site\/wp-content\/uploads\/2021\/06\/scott-graham-5fNmWej4tAA-unsplash-edited-scaled.jpg\" alt=\"\" class=\"wp-image-103\" width=\"376\" srcset=\"https:\/\/efarruda.adv.br\/site\/wp-content\/uploads\/2021\/06\/scott-graham-5fNmWej4tAA-unsplash-edited-scaled.jpg 1594w, https:\/\/efarruda.adv.br\/site\/wp-content\/uploads\/2021\/06\/scott-graham-5fNmWej4tAA-unsplash-edited-187x300.jpg 187w, https:\/\/efarruda.adv.br\/site\/wp-content\/uploads\/2021\/06\/scott-graham-5fNmWej4tAA-unsplash-edited-638x1024.jpg 638w, https:\/\/efarruda.adv.br\/site\/wp-content\/uploads\/2021\/06\/scott-graham-5fNmWej4tAA-unsplash-edited-768x1233.jpg 768w, https:\/\/efarruda.adv.br\/site\/wp-content\/uploads\/2021\/06\/scott-graham-5fNmWej4tAA-unsplash-edited-957x1536.jpg 957w, https:\/\/efarruda.adv.br\/site\/wp-content\/uploads\/2021\/06\/scott-graham-5fNmWej4tAA-unsplash-edited-1275x2048.jpg 1275w\" sizes=\"(max-width: 1594px) 100vw, 1594px\" \/><\/figure><\/div>\n<\/div>\n\n\n\n<div class=\"wp-block-column is-vertically-aligned-center is-layout-flow wp-block-column-is-layout-flow\" style=\"flex-basis:50%\">\n<h2 class=\"has-neve-text-color-color has-text-color wp-block-heading\">Nossa Hist\u00f3ria<\/h2>\n\n\n\n<p class=\"has-text-align-justify has-neve-link-color-color has-text-color\">Fundado em&nbsp; 1998, com sede em Curitiba\/PR, filial na cidade de Londrina\/PR desde 2009 e atua\u00e7\u00e3o nacional, o E.F. Arruda &amp; Advogados Associados&nbsp;est\u00e1 registrado na OAB seccional do Paran\u00e1 sob n\u00ba 1176. Procuramos a constante constru\u00e7\u00e3o de conhecimento jur\u00eddico, mesclado com o empresarial, por compreender o dinamismo das rela\u00e7\u00f5es negociais. Nossa filosofia \u00e9 fornecer um r\u00e1pido atendimento na parte de respostas e relat\u00f3rios personalizados, bem como conhecer realmente o neg\u00f3cio de nossos clientes.<\/p>\n\n\n\n<p class=\"has-text-align-justify has-neve-link-color-color has-text-color\">Conta, tamb\u00e9m, com uma rede de relacionamento com os principais escrit\u00f3rios de advocacia nos diversos estados brasileiros, de forma a ter correspondentes aptos a atender aos interesses de seus clientes em todo pa\u00eds.<\/p>\n\n\n\n<p class=\"has-text-align-justify has-neve-link-color-color has-text-color\">Em cont\u00ednuo crescimento sustent\u00e1vel, o escrit\u00f3rio atende a empresas de pequeno, m\u00e9dio e grande porte, de \u00e2mbito regional, nacional e internacional e se destaca na solu\u00e7\u00e3o de relevantes quest\u00f5es das mais importantes atividades econ\u00f4micas.<\/p>\n\n\n\n<p class=\"has-text-align-justify has-neve-link-color-color has-text-color\">Entre os diversos segmentos que temos atuado, possu\u00edmos uma alta expertise&nbsp;para empresas do setor de terceiriza\u00e7\u00e3o de m\u00e3o de obra qualificada.&nbsp;<\/p>\n<\/div>\n<\/div>\n\n\n\n<p><\/p>\n<\/div><\/div>\n<\/div><\/div>\n\n\n\n<div class=\"wp-block-cover alignfull has-nv-site-bg-background-color has-background-dim\" style=\"min-height:296px;aspect-ratio:unset;\"><div class=\"wp-block-cover__inner-container is-layout-flow wp-block-cover-is-layout-flow\">\n<div class=\"wp-block-columns is-layout-flex wp-container-core-columns-is-layout-9d6595d7 wp-block-columns-is-layout-flex\">\n<div class=\"wp-block-column ticss-4ce656f1 is-layout-flow wp-block-column-is-layout-flow\">\n<h3 class=\"has-text-align-left has-text-align-center has-neve-text-color-color has-text-color wp-block-heading\">Miss\u00e3o<\/h3>\n\n\n\n<p class=\"has-text-align-right has-neve-text-color-color has-text-color\" style=\"font-size:15px\">Conhecer o neg\u00f3cio de nossos clientes para agregar valor e qualidade nos servi\u00e7os jur\u00eddicos com agilidade, \u00e9tica, responsabilidade social e sustentabilidade.<\/p>\n\n\n\n<div style=\"height:20px\" aria-hidden=\"true\" class=\"wp-block-spacer\"><\/div>\n<\/div>\n\n\n\n<div class=\"wp-block-column ticss-f6fc7494 is-layout-flow wp-block-column-is-layout-flow\">\n<h3 class=\"has-text-align-left has-text-align-center has-neve-text-color-color has-text-color wp-block-heading\">Vis\u00e3o<\/h3>\n\n\n\n<p class=\"has-text-align-right has-neve-text-color-color has-text-color\" style=\"font-size:15px\">Estar entre as melhores marcas jur\u00eddicas do pa\u00eds, reconhecida pela excel\u00eancia jur\u00eddica e o conhecimento negocial nos segmentos de atua\u00e7\u00e3o.<\/p>\n\n\n\n<div style=\"height:20px\" aria-hidden=\"true\" class=\"wp-block-spacer\"><\/div>\n<\/div>\n\n\n\n<div class=\"wp-block-column ticss-a5b4df29 is-layout-flow wp-block-column-is-layout-flow\">\n<h3 class=\"has-text-align-left has-text-align-center has-neve-text-color-color has-text-color wp-block-heading\">Valores<\/h3>\n\n\n\n<p class=\"has-text-align-right has-neve-text-color-color has-text-color\" style=\"font-size:15px\">\u00c9tica, honestidade, comprometimento, responsabilidade, sustentabilidade, constante aperfei\u00e7oamento e preocupa\u00e7\u00e3o com a evolu\u00e7\u00e3o de nossos profissionais.<\/p>\n\n\n\n<div style=\"height:20px\" aria-hidden=\"true\" class=\"wp-block-spacer\"><\/div>\n<\/div>\n<\/div>\n\n\n\n<p><\/p>\n<\/div><\/div>\n\n\n\n<p><\/p>\n","protected":false},"excerpt":{"rendered":"","protected":false},"author":1,"featured_media":0,"parent":0,"menu_order":0,"comment_status":"closed","ping_status":"closed","template":"","meta":{"_editorskit_title_hidden":false,"_editorskit_reading_time":1,"_editorskit_typography_data":[],"_editorskit_blocks_typography":"","neve_meta_sidebar":"","neve_meta_container":"","neve_meta_enable_content_width":"on","neve_meta_content_width":100,"neve_meta_title_alignment":"","neve_meta_author_avatar":"","neve_post_elements_order":"","neve_meta_disable_header":"","neve_meta_disable_footer":"","neve_meta_disable_title":"on","footnotes":""},"class_list":["post-8","page","type-page","status-publish","hentry"],"_links":{"self":[{"href":"https:\/\/efarruda.adv.br\/site\/index.php\/wp-json\/wp\/v2\/pages\/8","targetHints":{"allow":["GET"]}}],"collection":[{"href":"https:\/\/efarruda.adv.br\/site\/index.php\/wp-json\/wp\/v2\/pages"}],"about":[{"href":"https:\/\/efarruda.adv.br\/site\/index.php\/wp-json\/wp\/v2\/types\/page"}],"author":[{"embeddable":true,"href":"https:\/\/efarruda.adv.br\/site\/index.php\/wp-json\/wp\/v2\/users\/1"}],"replies":[{"embeddable":true,"href":"https:\/\/efarruda.adv.br\/site\/index.php\/wp-json\/wp\/v2\/comments?post=8"}],"version-history":[{"count":11,"href":"https:\/\/efarruda.adv.br\/site\/index.php\/wp-json\/wp\/v2\/pages\/8\/revisions"}],"predecessor-version":[{"id":284,"href":"https:\/\/efarruda.adv.br\/site\/index.php\/wp-json\/wp\/v2\/pages\/8\/revisions\/284"}],"wp:attachment":[{"href":"https:\/\/efarruda.adv.br\/site\/index.php\/wp-json\/wp\/v2\/media?parent=8"}],"curies":[{"name":"wp","href":"https:\/\/api.w.org\/{rel}","templated":true}]}}