{"id":11,"date":"2021-05-27T20:28:34","date_gmt":"2021-05-27T23:28:34","guid":{"rendered":"http:\/\/efarruda.adv.br\/site\/?page_id=11"},"modified":"2021-10-05T21:41:59","modified_gmt":"2021-10-06T00:41:59","slug":"areas","status":"publish","type":"page","link":"https:\/\/efarruda.adv.br\/site\/index.php\/areas\/","title":{"rendered":"\u00c1reas de Atua\u00e7\u00e3o"},"content":{"rendered":"\n<div class=\"wp-block-cover alignfull has-nv-site-bg-background-color has-background-dim\" style=\"min-height:610px;aspect-ratio:unset;\"><div class=\"wp-block-cover__inner-container is-layout-flow wp-block-cover-is-layout-flow\">\n<div class=\"wp-block-group\"><div class=\"wp-block-group__inner-container is-layout-flow wp-block-group-is-layout-flow\">\n<div class=\"wp-block-columns are-vertically-aligned-center is-layout-flex wp-container-core-columns-is-layout-9d6595d7 wp-block-columns-is-layout-flex\">\n<div class=\"wp-block-column is-vertically-aligned-center is-layout-flow wp-block-column-is-layout-flow\" style=\"flex-basis:70%\">\n<h1 class=\"has-text-align-left has-neve-text-color-color has-text-color wp-block-heading\">\u00c1reas de Atua\u00e7\u00e3o<\/h1>\n\n\n\n<p class=\"has-text-align-justify has-neve-link-color-color has-text-color has-normal-font-size\">A&nbsp;<strong>E.F. Arruda &amp; Advogados Associados<\/strong>&nbsp;possui como foco o Direito Empresarial, visando atender amplamente as rela\u00e7\u00f5es jur\u00eddicas das empresas de todos os segmentos.<\/p>\n\n\n\n<p class=\"has-text-align-justify has-neve-link-color-color has-text-color has-normal-font-size\">O escrit\u00f3rio possui foco em estrat\u00e9gias negoc&nbsp;iais, realiza consultorias, diagn\u00f3sticos preventivos, avalia\u00e7\u00e3o de riscos e pareceres e presta assessoria em rela\u00e7\u00f5es internacionais.<\/p>\n\n\n\n<p class=\"has-text-align-justify has-neve-link-color-color has-text-color has-normal-font-size\">Atua nas esferas administrativa e judicial. No \u00e2mbito administrativo trabalha diretamente perante a Receita Federal, Previd\u00eancia Social, Procon, Ag\u00eancias Reguladoras, Conselhos Profissionais, Minist\u00e9rio do Trabalho e Emprego, dentre outros. No \u00e2mbito judicial atua em todos os foros e inst\u00e2ncias, especialmente nas seguintes \u00e1reas:<\/p>\n<\/div>\n\n\n\n<div class=\"wp-block-column is-vertically-aligned-center is-layout-flow wp-block-column-is-layout-flow\" style=\"flex-basis:30%\"><\/div>\n<\/div>\n<\/div><\/div>\n\n\n\n<p><\/p>\n<\/div><\/div>\n\n\n\n<div class=\"wp-block-cover alignfull has-nv-dark-bg-background-color has-background-dim\" style=\"min-height:300px;aspect-ratio:unset;\"><div class=\"wp-block-cover__inner-container is-layout-flow wp-block-cover-is-layout-flow\">\n<p><\/p>\n\n\n\n<h3 class=\"has-text-align-left has-nv-text-dark-bg-color has-text-color wp-block-heading\">Direito Administrativo<\/h3>\n\n\n\n<p class=\"has-text-align-justify\">Defesas perante \u00f3rg\u00e3os da Administra\u00e7\u00e3o P\u00fablica Direta e Indireta, Aut\u00e1rquica, Fundacional, Ag\u00eancias Reguladoras, Tribunais de Contas e Minist\u00e9rio P\u00fablico, bem como perante Empresas Privadas, principalmente no que diz respeito a defesas, impugna\u00e7\u00f5es, recursos e interposi\u00e7\u00e3o de mandado de seguran\u00e7a em casos de licita\u00e7\u00e3o p\u00fablica ou privada<\/p>\n\n\n\n<h3 class=\"has-text-align-left has-nv-text-dark-bg-color has-text-color wp-block-heading\">Direito do Trabalho Empresarial e Previdenci\u00e1rio<\/h3>\n\n\n\n<p class=\"has-text-align-justify\">Consultoria em quest\u00f5es trabalhistas e previdenci\u00e1rias, tanto no \u00e2mbito preventivo quanto no litigioso, abrangendo a promo\u00e7\u00e3o de defesas trabalhistas e previdenci\u00e1rias em Ju\u00edzo, bem como na esfera administrativa, inclusive perante \u00f3rg\u00e3os de fiscaliza\u00e7\u00e3o laboral. Consultoria para a consecu\u00e7\u00e3o de conven\u00e7\u00f5es e ou acordos coletivos de trabalho junto a entidades representativas de classe. Assessoria e consultoria de recursos humanos, negocia\u00e7\u00f5es sindicais e consultoria nas \u00e1reas de seguran\u00e7a e medicina do trabalho e Previd\u00eancia Social<\/p>\n\n\n\n<h3 class=\"has-text-align-left has-nv-text-dark-bg-color has-text-color wp-block-heading\">Direito Tribut\u00e1rio<\/h3>\n\n\n\n<p class=\"has-text-align-justify\">Atua\u00e7\u00e3o na \u00e1rea administrativa e judicial (propositura de mandados de seguran\u00e7a, a\u00e7\u00f5es cautelares, a\u00e7\u00f5es declarat\u00f3rias, a\u00e7\u00e3o anulat\u00f3ria de d\u00e9bito fiscal, pedidos de restitui\u00e7\u00e3o de tributos pagos indevidamente, embargos \u00e0 execu\u00e7\u00e3o) para interromper ou suspender a cobran\u00e7a de tributos tidos como institucionais ou ilegais, bem como para obter a anula\u00e7\u00e3o ou compensa\u00e7\u00e3o de tributos.<\/p>\n\n\n\n<h3 class=\"has-text-align-left has-nv-text-dark-bg-color has-text-color wp-block-heading\">Direito Ambiental<\/h3>\n\n\n\n<p class=\"has-text-align-justify\">Atua\u00e7\u00e3o perante os \u00f3rg\u00e3os p\u00fablicos municipais, estaduas e federais respons\u00e1veis por licenciamentos ambientais e defesas administrativas e judiciais nas \u00e1reas de responsabilidade penal, administrativa e civil.<\/p>\n\n\n\n<h3 class=\"has-text-align-left has-nv-text-dark-bg-color has-text-color wp-block-heading\">Direito Civil<\/h3>\n\n\n\n<p class=\"has-text-align-justify\">Assessoria e consultoria, tanto no \u00e2mbito preventivo quanto no litigioso, nas mais distintas \u00e1reas do Direito Civil, em especial que envolvam contratos e obriga\u00e7\u00f5es e servi\u00e7os de cobran\u00e7a e recupera\u00e7\u00e3o de cr\u00e9dito.<\/p>\n\n\n\n<h3 class=\"has-text-align-left has-nv-text-dark-bg-color has-text-color wp-block-heading\">Direito do Consumidor<\/h3>\n\n\n\n<p class=\"has-text-align-justify\">Representa\u00e7\u00e3o junto aos \u00f3rg\u00e3os de prote\u00e7\u00e3o ao consumidor c\u00edveis e criminais. Patroc\u00ednio e defesa de a\u00e7\u00f5es judiciais individuais e coletivas.<\/p>\n\n\n\n<h3 class=\"has-text-align-left has-nv-text-dark-bg-color has-text-color wp-block-heading\">Direito Criminal Empresarial<\/h3>\n\n\n\n<p class=\"has-text-align-justify\">Orienta\u00e7\u00e3o em processos criminais e inqu\u00e9ritos policiais. Suporte na defesa de v\u00edtimas de fraudes corporativas. Apoio em casos de falsifica\u00e7\u00e3o, apreens\u00e3o e crimes patrimoniais.<\/p>\n\n\n\n<h3 class=\"has-text-align-left has-nv-text-dark-bg-color has-text-color wp-block-heading\">Direito Imobili\u00e1rio<\/h3>\n\n\n\n<p class=\"has-text-align-justify\">Consultoria em negocia\u00e7\u00f5es e opera\u00e7\u00f5es imobili\u00e1rias. An\u00e1lise e elabora\u00e7\u00e3o de contratos de compra e venda de bens, al\u00e9m de atua\u00e7\u00e3o na esfera judicial.<\/p>\n<\/div><\/div>\n","protected":false},"excerpt":{"rendered":"","protected":false},"author":1,"featured_media":0,"parent":0,"menu_order":0,"comment_status":"closed","ping_status":"closed","template":"","meta":{"_editorskit_title_hidden":false,"_editorskit_reading_time":2,"_editorskit_typography_data":[],"_editorskit_blocks_typography":"","neve_meta_sidebar":"","neve_meta_container":"","neve_meta_enable_content_width":"on","neve_meta_content_width":100,"neve_meta_title_alignment":"","neve_meta_author_avatar":"","neve_post_elements_order":"","neve_meta_disable_header":"","neve_meta_disable_footer":"","neve_meta_disable_title":"on","footnotes":""},"class_list":["post-11","page","type-page","status-publish","hentry"],"_links":{"self":[{"href":"https:\/\/efarruda.adv.br\/site\/index.php\/wp-json\/wp\/v2\/pages\/11","targetHints":{"allow":["GET"]}}],"collection":[{"href":"https:\/\/efarruda.adv.br\/site\/index.php\/wp-json\/wp\/v2\/pages"}],"about":[{"href":"https:\/\/efarruda.adv.br\/site\/index.php\/wp-json\/wp\/v2\/types\/page"}],"author":[{"embeddable":true,"href":"https:\/\/efarruda.adv.br\/site\/index.php\/wp-json\/wp\/v2\/users\/1"}],"replies":[{"embeddable":true,"href":"https:\/\/efarruda.adv.br\/site\/index.php\/wp-json\/wp\/v2\/comments?post=11"}],"version-history":[{"count":8,"href":"https:\/\/efarruda.adv.br\/site\/index.php\/wp-json\/wp\/v2\/pages\/11\/revisions"}],"predecessor-version":[{"id":295,"href":"https:\/\/efarruda.adv.br\/site\/index.php\/wp-json\/wp\/v2\/pages\/11\/revisions\/295"}],"wp:attachment":[{"href":"https:\/\/efarruda.adv.br\/site\/index.php\/wp-json\/wp\/v2\/media?parent=11"}],"curies":[{"name":"wp","href":"https:\/\/api.w.org\/{rel}","templated":true}]}}