{"id":10,"date":"2021-05-27T20:28:34","date_gmt":"2021-05-27T23:28:34","guid":{"rendered":"http:\/\/efarruda.adv.br\/site\/?page_id=10"},"modified":"2021-10-05T21:39:35","modified_gmt":"2021-10-06T00:39:35","slug":"equipe","status":"publish","type":"page","link":"https:\/\/efarruda.adv.br\/site\/index.php\/equipe\/","title":{"rendered":"Equipe"},"content":{"rendered":"\n<div class=\"wp-block-cover alignfull has-nv-site-bg-background-color has-background-dim\" style=\"min-height:610px;aspect-ratio:unset;\"><div class=\"wp-block-cover__inner-container is-layout-flow wp-block-cover-is-layout-flow\">\n<div class=\"wp-block-group\"><div class=\"wp-block-group__inner-container is-layout-flow wp-block-group-is-layout-flow\">\n<h1 class=\"has-text-align-left has-neve-text-color-color has-text-color wp-block-heading\">Equipe<\/h1>\n\n\n\n<p class=\"has-text-align-justify has-neve-link-color-color has-text-color\">O&nbsp;<strong>E.F. Arruda &amp; Advogados Associados<\/strong>&nbsp;conta com profissionais amplamente capacitados a atuar nos diversos segmentos empresariais e que possuem extensa expertise nas \u00e1reas em que atuam.<\/p>\n\n\n\n<p class=\"has-text-align-justify has-neve-link-color-color has-text-color\">Todos os profissionais s\u00e3o especialistas e a equipe conta ainda com mestres, inclusive com experi\u00eancia em doc\u00eancia. O grupo participa, frequentemente, de cursos de atualiza\u00e7\u00e3o e aperfei\u00e7oamento, nas diversas \u00e1reas do Direito, bem como em Administra\u00e7\u00e3o de Empresas, inform\u00e1tica, l\u00edngua portuguesa e estrangeira (ingl\u00eas, espanhol, italiano, franc\u00eas e alem\u00e3o).<\/p>\n\n\n\n<p class=\"has-text-align-justify has-neve-link-color-color has-text-color\">Nossa equipe \u00e9 complementada com um grupo de apoio composto por estagi\u00e1rios, paralegais e administrativos, todos qualificados para assessorar os profissionais e clientes de acordo com suas atividades.<\/p>\n<\/div><\/div>\n\n\n\n<div class=\"wp-block-columns is-layout-flex wp-container-core-columns-is-layout-9d6595d7 wp-block-columns-is-layout-flex\">\n<div class=\"wp-block-column is-layout-flow wp-block-column-is-layout-flow\">\n<figure class=\"wp-block-image size-large is-resized is-style-rounded\"><img loading=\"lazy\" decoding=\"async\" class=\"alignnone wp-image-221 size-medium\" src=\"http:\/\/efarruda.adv.br\/site\/wp-content\/uploads\/2021\/10\/WhatsApp-Image-2021-08-03-at-10.54.08-262x300.jpeg\" alt=\"\" width=\"262\" height=\"300\" srcset=\"https:\/\/efarruda.adv.br\/site\/wp-content\/uploads\/2021\/10\/WhatsApp-Image-2021-08-03-at-10.54.08-262x300.jpeg 262w, https:\/\/efarruda.adv.br\/site\/wp-content\/uploads\/2021\/10\/WhatsApp-Image-2021-08-03-at-10.54.08-768x881.jpeg 768w, https:\/\/efarruda.adv.br\/site\/wp-content\/uploads\/2021\/10\/WhatsApp-Image-2021-08-03-at-10.54.08.jpeg 825w\" sizes=\"auto, (max-width: 262px) 100vw, 262px\" \/><\/figure>\n\n\n\n<h3 class=\"has-neve-link-color-color has-text-color wp-block-heading\"><strong><strong>Evelyn Fabr\u00edcia de Arruda<\/strong><\/strong><\/h3>\n\n\n\n<p class=\"has-text-align-justify has-neve-link-color-color has-text-color\">S\u00f3cia-fundadora. Advogada formada pela PUC\/PR em 1998. Inscrita na OAB\/PR sob n\u00ba 28.224, na OAB\/SC sob o n\u00b0 30.894-A e na OAB\/SP 374.575. Especialista em Direito Processual Civil pelo IBEJ, especialista em Direito do Trabalho pelo Centro Universit\u00e1rio Curitiba, p\u00f3s-graduada em Execu\u00e7\u00e3o no Processo do Trabalho pela Unibrasil, especialista lato sensu pela Escola da Magistratura do Paran\u00e1, Mestre em Direito Empresarial e Cidadania pelo Centro Universit\u00e1rio Curitiba, MBA em Gest\u00e3o Corporativa no Esta\u00e7\u00e3o Business School. Doutoranda em Direito do Trabalho pela UBA. Professora de Processo Civil I e II, Direito do Trabalho, Direito Processual do Trabalho e N\u00facleo de Pr\u00e1tica Jur\u00eddica na Uniandrade entre 02\/2003 e 12\/2006 e Professora de Direito do Trabalho e Pr\u00e1tica Trabalhista na Est\u00e1cio Radial Curitiba entre 02\/2007 e 12\/2008. Professora de cursos jur\u00eddicos na Facop desde 2008. Membro da Comiss\u00e3o de Fiscaliza\u00e7\u00e3o da OAB\/PR. Flu\u00eancia nos idiomas ingl\u00eas e italiano. B\u00e1sico de alem\u00e3o e intermedi\u00e1rio em espanhol.<\/p>\n\n\n\n<figure class=\"wp-block-image size-large is-resized is-style-rounded\"><img loading=\"lazy\" decoding=\"async\" class=\"alignnone wp-image-222 \" src=\"http:\/\/efarruda.adv.br\/site\/wp-content\/uploads\/2021\/10\/WhatsApp-Image-2021-08-03-at-10.55.13-225x300.jpeg\" alt=\"\" width=\"231\" height=\"308\" srcset=\"https:\/\/efarruda.adv.br\/site\/wp-content\/uploads\/2021\/10\/WhatsApp-Image-2021-08-03-at-10.55.13-225x300.jpeg 225w, https:\/\/efarruda.adv.br\/site\/wp-content\/uploads\/2021\/10\/WhatsApp-Image-2021-08-03-at-10.55.13.jpeg 768w\" sizes=\"auto, (max-width: 231px) 100vw, 231px\" \/><\/figure>\n\n\n\n<h3 class=\"has-neve-link-color-color has-text-color wp-block-heading\"><strong>Guylber Ant\u00f4nio Rodrigues<\/strong><\/h3>\n\n\n\n<p class=\"has-text-align-justify has-neve-link-color-color has-text-color\">S\u00f3cio. Formado pela Universidade Tuiuti do Paran\u00e1 em 2011. Inscrito na OAB\/PR 60.931. Especialista em Direito&nbsp;Civil e Processual Civil pela Escola de Direito Aplicado &#8211; Curso Luiz Carlos. Cursou semestre de Mestrado na UFPR &#8211; Teoria Geral de Direito Constitucional (aluno ouvinte). LL.M (Legun Magister) em Direito Empresarial Aplicado na Faculdade das Ind\u00fastrias &#8211; FIEP\/PR. Flu\u00eancia no idioma ingl\u00eas.<\/p>\n<\/div>\n\n\n\n<div class=\"wp-block-column is-layout-flow wp-block-column-is-layout-flow\">\n<figure class=\"wp-block-image size-full is-resized is-style-rounded\"><img loading=\"lazy\" decoding=\"async\" src=\"http:\/\/efarruda.adv.br\/site\/wp-content\/uploads\/2021\/10\/WhatsApp-Image-2021-08-03-at-10.54.33.jpeg\" alt=\"\" class=\"wp-image-223\" width=\"232\" height=\"310\" srcset=\"https:\/\/efarruda.adv.br\/site\/wp-content\/uploads\/2021\/10\/WhatsApp-Image-2021-08-03-at-10.54.33.jpeg 768w, https:\/\/efarruda.adv.br\/site\/wp-content\/uploads\/2021\/10\/WhatsApp-Image-2021-08-03-at-10.54.33-225x300.jpeg 225w\" sizes=\"auto, (max-width: 232px) 100vw, 232px\" \/><\/figure>\n\n\n\n<h3 class=\"has-neve-link-color-color has-text-color wp-block-heading\"><strong><strong>Beatriz Diniz Vitorino dos Santos<\/strong><\/strong><\/h3>\n\n\n\n<p class=\"has-text-align-justify has-neve-link-color-color has-text-color\">S\u00f3cia. Formada pela Funda\u00e7\u00e3o de Ensino Eur\u00edpedes Soares da Rocha, mantenedora do Centro Universit\u00e1rio Eur\u00edpedes de Mar\u00edlia\/SP em 2003. Inicialmente inscrita na OAB\/SP sob o n\u00b0 225.602 e, atualmente, inscrita na OAB\/PR sob o n\u00b0 50.895.&nbsp;Habilita\u00e7\u00e3o em&nbsp;Direito&nbsp;do Trabalho, Direito Processual do Trabalho e Direitos Humanos&nbsp;pela Funda\u00e7\u00e3o de Ensino Eur\u00edpedes Soares da Rocha, mantenedora do Centro Universit\u00e1rio Eur\u00edpedes de Mar\u00edlia\/SP; especialista em Direito Previdenci\u00e1rio pela Universidade Curitiba \u2013 Unicuritiba; cursou semestre de Mestrado na UFPR &#8211; Teoria Geral de Direito Constitucional (aluno ouvinte).&nbsp;<\/p>\n\n\n\n<figure class=\"wp-block-image size-full is-resized is-style-rounded\"><img loading=\"lazy\" decoding=\"async\" src=\"http:\/\/efarruda.adv.br\/site\/wp-content\/uploads\/2021\/10\/WhatsApp-Image-2021-08-03-at-11.14.04.jpeg\" alt=\"\" class=\"wp-image-225\" width=\"251\" height=\"335\" srcset=\"https:\/\/efarruda.adv.br\/site\/wp-content\/uploads\/2021\/10\/WhatsApp-Image-2021-08-03-at-11.14.04.jpeg 569w, https:\/\/efarruda.adv.br\/site\/wp-content\/uploads\/2021\/10\/WhatsApp-Image-2021-08-03-at-11.14.04-225x300.jpeg 225w\" sizes=\"auto, (max-width: 251px) 100vw, 251px\" \/><\/figure>\n\n\n\n<h3 class=\"has-neve-link-color-color has-text-color wp-block-heading\"><strong><strong><strong>Mariana Alves Handa<\/strong><\/strong><\/strong><\/h3>\n\n\n\n<p class=\"has-text-align-justify has-neve-link-color-color has-text-color\">S\u00f3cia. Formada em Direito pela PUC\/PR em 2008. Inscrita na OAB\/PR sob o n\u00b0 52.453. Especialista em Direito do Trabalho e Processual do Trabalho pela Pontif\u00edcia Universidade Cat\u00f3lica do Paran\u00e1 \u2013 PUC\/PR. Flu\u00eancia no idioma ingl\u00eas.<\/p>\n\n\n\n<figure class=\"wp-block-image size-full is-resized is-style-rounded\"><img loading=\"lazy\" decoding=\"async\" src=\"http:\/\/efarruda.adv.br\/site\/wp-content\/uploads\/2021\/10\/WhatsApp-Image-2021-08-06-at-11.29.12.jpeg\" alt=\"\" class=\"wp-image-229\" width=\"221\" height=\"295\" srcset=\"https:\/\/efarruda.adv.br\/site\/wp-content\/uploads\/2021\/10\/WhatsApp-Image-2021-08-06-at-11.29.12.jpeg 768w, https:\/\/efarruda.adv.br\/site\/wp-content\/uploads\/2021\/10\/WhatsApp-Image-2021-08-06-at-11.29.12-225x300.jpeg 225w\" sizes=\"auto, (max-width: 221px) 100vw, 221px\" \/><\/figure>\n\n\n\n<h3 class=\"has-neve-link-color-color has-text-color wp-block-heading\"><strong><strong><strong>Mayna Jungues da Costa<\/strong><\/strong><\/strong><\/h3>\n\n\n\n<p class=\"has-text-align-justify has-neve-link-color-color has-text-color\">Estagi\u00e1ria de direito pela Unicuritiba.<\/p>\n<\/div>\n<\/div>\n<\/div><\/div>\n\n\n\n<p><\/p>\n","protected":false},"excerpt":{"rendered":"","protected":false},"author":1,"featured_media":0,"parent":0,"menu_order":0,"comment_status":"closed","ping_status":"closed","template":"","meta":{"_editorskit_title_hidden":false,"_editorskit_reading_time":2,"_editorskit_typography_data":[],"_editorskit_blocks_typography":"","neve_meta_sidebar":"","neve_meta_container":"","neve_meta_enable_content_width":"on","neve_meta_content_width":100,"neve_meta_title_alignment":"","neve_meta_author_avatar":"","neve_post_elements_order":"","neve_meta_disable_header":"","neve_meta_disable_footer":"","neve_meta_disable_title":"on","footnotes":""},"class_list":["post-10","page","type-page","status-publish","hentry"],"_links":{"self":[{"href":"https:\/\/efarruda.adv.br\/site\/index.php\/wp-json\/wp\/v2\/pages\/10","targetHints":{"allow":["GET"]}}],"collection":[{"href":"https:\/\/efarruda.adv.br\/site\/index.php\/wp-json\/wp\/v2\/pages"}],"about":[{"href":"https:\/\/efarruda.adv.br\/site\/index.php\/wp-json\/wp\/v2\/types\/page"}],"author":[{"embeddable":true,"href":"https:\/\/efarruda.adv.br\/site\/index.php\/wp-json\/wp\/v2\/users\/1"}],"replies":[{"embeddable":true,"href":"https:\/\/efarruda.adv.br\/site\/index.php\/wp-json\/wp\/v2\/comments?post=10"}],"version-history":[{"count":35,"href":"https:\/\/efarruda.adv.br\/site\/index.php\/wp-json\/wp\/v2\/pages\/10\/revisions"}],"predecessor-version":[{"id":292,"href":"https:\/\/efarruda.adv.br\/site\/index.php\/wp-json\/wp\/v2\/pages\/10\/revisions\/292"}],"wp:attachment":[{"href":"https:\/\/efarruda.adv.br\/site\/index.php\/wp-json\/wp\/v2\/media?parent=10"}],"curies":[{"name":"wp","href":"https:\/\/api.w.org\/{rel}","templated":true}]}}